{"id":1903,"date":"2020-04-05T15:18:58","date_gmt":"2020-04-05T15:18:58","guid":{"rendered":"https:\/\/pelicula.qodeinteractive.com\/?page_id=1903"},"modified":"2023-11-22T11:49:04","modified_gmt":"2023-11-22T11:49:04","slug":"videos-2","status":"publish","type":"page","link":"https:\/\/madbulldogcompany.com\/?page_id=1903","title":{"rendered":"PORTRAIT"},"content":{"rendered":"\t\t<div data-elementor-type=\"wp-page\" data-elementor-id=\"1903\" class=\"elementor elementor-1903\" data-elementor-post-type=\"page\">\n\t\t\t\t\t\t<section class=\"elementor-section elementor-top-section elementor-element elementor-element-a4c75c3 elementor-section-full_width elementor-section-stretched elementor-section-height-default elementor-section-height-default qodef-elementor-content-no\" data-id=\"a4c75c3\" data-element_type=\"section\" data-e-type=\"section\" data-settings=\"{&quot;stretch_section&quot;:&quot;section-stretched&quot;}\">\n\t\t\t\t\t\t<div class=\"elementor-container elementor-column-gap-no\">\n\t\t\t\t\t<div class=\"elementor-column elementor-col-100 elementor-top-column elementor-element elementor-element-b15640f\" data-id=\"b15640f\" data-element_type=\"column\" data-e-type=\"column\">\n\t\t\t<div class=\"elementor-widget-wrap elementor-element-populated\">\n\t\t\t\t\t\t<div class=\"elementor-element elementor-element-58d525d elementor--h-position-center elementor--v-position-middle elementor-arrows-position-inside elementor-pagination-position-inside elementor-widget elementor-widget-slides\" data-id=\"58d525d\" data-element_type=\"widget\" data-e-type=\"widget\" data-settings=\"{&quot;navigation&quot;:&quot;both&quot;,&quot;autoplay&quot;:&quot;yes&quot;,&quot;pause_on_hover&quot;:&quot;yes&quot;,&quot;pause_on_interaction&quot;:&quot;yes&quot;,&quot;autoplay_speed&quot;:5000,&quot;infinite&quot;:&quot;yes&quot;,&quot;transition&quot;:&quot;slide&quot;,&quot;transition_speed&quot;:500}\" data-widget_type=\"slides.default\">\n\t\t\t\t<div class=\"elementor-widget-container\">\n\t\t\t\t\t\t\t\t\t<div class=\"elementor-swiper\">\n\t\t\t\t\t<div class=\"elementor-slides-wrapper elementor-main-swiper swiper\" role=\"region\" aria-roledescription=\"carousel\" aria-label=\"Diapositives\" dir=\"ltr\" data-animation=\"fadeInUp\">\n\t\t\t\t<div class=\"swiper-wrapper elementor-slides\">\n\t\t\t\t\t\t\t\t\t\t<div class=\"elementor-repeater-item-0609b3e swiper-slide\" role=\"group\" aria-roledescription=\"slide\"><div class=\"swiper-slide-bg\" role=\"img\"><\/div><div class=\"swiper-slide-inner\" ><div class=\"swiper-slide-contents\"><\/div><\/div><\/div><div class=\"elementor-repeater-item-06e0ebc swiper-slide\" role=\"group\" aria-roledescription=\"slide\"><div class=\"swiper-slide-bg\" role=\"img\"><\/div><div class=\"swiper-slide-inner\" ><div class=\"swiper-slide-contents\"><\/div><\/div><\/div><div class=\"elementor-repeater-item-684dc58 swiper-slide\" role=\"group\" aria-roledescription=\"slide\"><div class=\"swiper-slide-bg\" role=\"img\"><\/div><div class=\"swiper-slide-inner\" ><div class=\"swiper-slide-contents\"><\/div><\/div><\/div>\t\t\t\t<\/div>\n\t\t\t\t\t\t\t\t\t\t\t\t\t\t\t<div class=\"elementor-swiper-button elementor-swiper-button-prev\" role=\"button\" tabindex=\"0\" aria-label=\"Previous slide\">\n\t\t\t\t\t\t\t<i aria-hidden=\"true\" class=\"eicon-chevron-left\"><\/i>\t\t\t\t\t\t<\/div>\n\t\t\t\t\t\t<div class=\"elementor-swiper-button elementor-swiper-button-next\" role=\"button\" tabindex=\"0\" aria-label=\"Next slide\">\n\t\t\t\t\t\t\t<i aria-hidden=\"true\" class=\"eicon-chevron-right\"><\/i>\t\t\t\t\t\t<\/div>\n\t\t\t\t\t\t\t\t\t\t\t\t\t\t\t\t<div class=\"swiper-pagination\"><\/div>\n\t\t\t\t\t\t\t\t\t\t\t\t<\/div>\n\t\t\t\t<\/div>\n\t\t\t\t\t\t\t\t<\/div>\n\t\t\t\t<\/div>\n\t\t\t\t\t<\/div>\n\t\t<\/div>\n\t\t\t\t\t<\/div>\n\t\t<\/section>\n\t\t\t\t<section class=\"elementor-section elementor-top-section elementor-element elementor-element-3efdeb2 elementor-section-full_width elementor-section-stretched elementor-section-height-default elementor-section-height-default qodef-elementor-content-no\" data-id=\"3efdeb2\" data-element_type=\"section\" data-e-type=\"section\" data-settings=\"{&quot;stretch_section&quot;:&quot;section-stretched&quot;}\">\n\t\t\t\t\t\t<div class=\"elementor-container elementor-column-gap-default\">\n\t\t\t\t\t<div class=\"elementor-column elementor-col-100 elementor-top-column elementor-element elementor-element-abdea6b\" data-id=\"abdea6b\" data-element_type=\"column\" data-e-type=\"column\">\n\t\t\t<div class=\"elementor-widget-wrap elementor-element-populated\">\n\t\t\t\t\t\t<div class=\"elementor-element elementor-element-ef08b2d elementor-widget elementor-widget-qi_addons_for_elementor_image_gallery\" data-id=\"ef08b2d\" data-element_type=\"widget\" data-e-type=\"widget\" data-widget_type=\"qi_addons_for_elementor_image_gallery.default\">\n\t\t\t\t<div class=\"elementor-widget-container\">\n\t\t\t\t\t<div class=\"qodef-shortcode qodef-m qodef-qi-image-gallery qodef-qi-fslightbox-popup qodef-popup-gallery qodef-image--hover-zoom qodef-qi-grid qodef-layout--qi-columns qodef-col-num--3 qodef-responsive--predefined\">\n\t<div class=\"qodef-grid-inner\">\n\t\t<div class=\"qodef-e qodef-image-wrapper qodef-grid-item\">\n\t<div class=\"qodef-e-inner\">\n\t\t\t\t\t<a class=\"qodef-popup-item\" itemprop=\"image\" href=\"https:\/\/madbulldogcompany.com\/wp-content\/uploads\/2023\/11\/NVX_4517.jpg\" data-type=\"image\" data-fslightbox=\"gallery-131\">\n\t\t\t\t\t<img fetchpriority=\"high\" decoding=\"async\" width=\"650\" height=\"650\" src=\"https:\/\/madbulldogcompany.com\/wp-content\/uploads\/2023\/11\/NVX_4517-650x650.jpg\" class=\"attachment-qi_addons_for_elementor_image_size_square size-qi_addons_for_elementor_image_size_square\" alt=\"\" srcset=\"https:\/\/madbulldogcompany.com\/wp-content\/uploads\/2023\/11\/NVX_4517-650x650.jpg 650w, https:\/\/madbulldogcompany.com\/wp-content\/uploads\/2023\/11\/NVX_4517-150x150.jpg 150w, https:\/\/madbulldogcompany.com\/wp-content\/uploads\/2023\/11\/NVX_4517-1300x1300.jpg 1300w\" sizes=\"(max-width: 650px) 100vw, 650px\" \/>\t\t\t\t\t<\/a>\n\t\t\t<\/div>\n<\/div>\n<div class=\"qodef-e qodef-image-wrapper qodef-grid-item\">\n\t<div class=\"qodef-e-inner\">\n\t\t\t\t\t<a class=\"qodef-popup-item\" itemprop=\"image\" href=\"https:\/\/madbulldogcompany.com\/wp-content\/uploads\/2023\/11\/NVX_8627.jpg\" data-type=\"image\" data-fslightbox=\"gallery-131\">\n\t\t\t\t\t<img decoding=\"async\" width=\"650\" height=\"650\" src=\"https:\/\/madbulldogcompany.com\/wp-content\/uploads\/2023\/11\/NVX_8627-650x650.jpg\" class=\"attachment-qi_addons_for_elementor_image_size_square size-qi_addons_for_elementor_image_size_square\" alt=\"\" srcset=\"https:\/\/madbulldogcompany.com\/wp-content\/uploads\/2023\/11\/NVX_8627-650x650.jpg 650w, https:\/\/madbulldogcompany.com\/wp-content\/uploads\/2023\/11\/NVX_8627-150x150.jpg 150w, https:\/\/madbulldogcompany.com\/wp-content\/uploads\/2023\/11\/NVX_8627-1300x1300.jpg 1300w\" sizes=\"(max-width: 650px) 100vw, 650px\" \/>\t\t\t\t\t<\/a>\n\t\t\t<\/div>\n<\/div>\n<div class=\"qodef-e qodef-image-wrapper qodef-grid-item\">\n\t<div class=\"qodef-e-inner\">\n\t\t\t\t\t<a class=\"qodef-popup-item\" itemprop=\"image\" href=\"https:\/\/madbulldogcompany.com\/wp-content\/uploads\/2023\/06\/NVX_1332.jpg\" data-type=\"image\" data-fslightbox=\"gallery-131\">\n\t\t\t\t\t<img decoding=\"async\" width=\"650\" height=\"650\" src=\"https:\/\/madbulldogcompany.com\/wp-content\/uploads\/2023\/06\/NVX_1332-650x650.jpg\" class=\"attachment-qi_addons_for_elementor_image_size_square size-qi_addons_for_elementor_image_size_square\" alt=\"\" srcset=\"https:\/\/madbulldogcompany.com\/wp-content\/uploads\/2023\/06\/NVX_1332-650x650.jpg 650w, https:\/\/madbulldogcompany.com\/wp-content\/uploads\/2023\/06\/NVX_1332-150x150.jpg 150w, https:\/\/madbulldogcompany.com\/wp-content\/uploads\/2023\/06\/NVX_1332-1300x1300.jpg 1300w\" sizes=\"(max-width: 650px) 100vw, 650px\" \/>\t\t\t\t\t<\/a>\n\t\t\t<\/div>\n<\/div>\n<div class=\"qodef-e qodef-image-wrapper qodef-grid-item\">\n\t<div class=\"qodef-e-inner\">\n\t\t\t\t\t<a class=\"qodef-popup-item\" itemprop=\"image\" href=\"https:\/\/madbulldogcompany.com\/wp-content\/uploads\/2023\/06\/NVX_3945.jpg\" data-type=\"image\" data-fslightbox=\"gallery-131\">\n\t\t\t\t\t<img loading=\"lazy\" decoding=\"async\" width=\"650\" height=\"650\" src=\"https:\/\/madbulldogcompany.com\/wp-content\/uploads\/2023\/06\/NVX_3945-650x650.jpg\" class=\"attachment-qi_addons_for_elementor_image_size_square size-qi_addons_for_elementor_image_size_square\" alt=\"\" srcset=\"https:\/\/madbulldogcompany.com\/wp-content\/uploads\/2023\/06\/NVX_3945-650x650.jpg 650w, https:\/\/madbulldogcompany.com\/wp-content\/uploads\/2023\/06\/NVX_3945-300x300.jpg 300w, https:\/\/madbulldogcompany.com\/wp-content\/uploads\/2023\/06\/NVX_3945-1024x1024.jpg 1024w, https:\/\/madbulldogcompany.com\/wp-content\/uploads\/2023\/06\/NVX_3945-150x150.jpg 150w, https:\/\/madbulldogcompany.com\/wp-content\/uploads\/2023\/06\/NVX_3945-768x768.jpg 768w, https:\/\/madbulldogcompany.com\/wp-content\/uploads\/2023\/06\/NVX_3945-1536x1536.jpg 1536w, https:\/\/madbulldogcompany.com\/wp-content\/uploads\/2023\/06\/NVX_3945-1300x1300.jpg 1300w, https:\/\/madbulldogcompany.com\/wp-content\/uploads\/2023\/06\/NVX_3945.jpg 2048w\" sizes=\"(max-width: 650px) 100vw, 650px\" \/>\t\t\t\t\t<\/a>\n\t\t\t<\/div>\n<\/div>\n<div class=\"qodef-e qodef-image-wrapper qodef-grid-item\">\n\t<div class=\"qodef-e-inner\">\n\t\t\t\t\t<a class=\"qodef-popup-item\" itemprop=\"image\" href=\"https:\/\/madbulldogcompany.com\/wp-content\/uploads\/2023\/11\/pexels-keith-lobo-3907595-scaled.jpg\" data-type=\"image\" data-fslightbox=\"gallery-131\">\n\t\t\t\t\t<img loading=\"lazy\" decoding=\"async\" width=\"650\" height=\"650\" src=\"https:\/\/madbulldogcompany.com\/wp-content\/uploads\/2023\/11\/pexels-keith-lobo-3907595-650x650.jpg\" class=\"attachment-qi_addons_for_elementor_image_size_square size-qi_addons_for_elementor_image_size_square\" alt=\"\" srcset=\"https:\/\/madbulldogcompany.com\/wp-content\/uploads\/2023\/11\/pexels-keith-lobo-3907595-650x650.jpg 650w, https:\/\/madbulldogcompany.com\/wp-content\/uploads\/2023\/11\/pexels-keith-lobo-3907595-150x150.jpg 150w, https:\/\/madbulldogcompany.com\/wp-content\/uploads\/2023\/11\/pexels-keith-lobo-3907595-1300x1300.jpg 1300w\" sizes=\"(max-width: 650px) 100vw, 650px\" \/>\t\t\t\t\t<\/a>\n\t\t\t<\/div>\n<\/div>\n<div class=\"qodef-e qodef-image-wrapper qodef-grid-item\">\n\t<div class=\"qodef-e-inner\">\n\t\t\t\t\t<a class=\"qodef-popup-item\" itemprop=\"image\" href=\"https:\/\/madbulldogcompany.com\/wp-content\/uploads\/2023\/06\/NVX_9194.jpg\" data-type=\"image\" data-fslightbox=\"gallery-131\">\n\t\t\t\t\t<img loading=\"lazy\" decoding=\"async\" width=\"650\" height=\"650\" src=\"https:\/\/madbulldogcompany.com\/wp-content\/uploads\/2023\/06\/NVX_9194-650x650.jpg\" class=\"attachment-qi_addons_for_elementor_image_size_square size-qi_addons_for_elementor_image_size_square\" alt=\"\" srcset=\"https:\/\/madbulldogcompany.com\/wp-content\/uploads\/2023\/06\/NVX_9194-650x650.jpg 650w, https:\/\/madbulldogcompany.com\/wp-content\/uploads\/2023\/06\/NVX_9194-300x300.jpg 300w, https:\/\/madbulldogcompany.com\/wp-content\/uploads\/2023\/06\/NVX_9194-1024x1024.jpg 1024w, https:\/\/madbulldogcompany.com\/wp-content\/uploads\/2023\/06\/NVX_9194-150x150.jpg 150w, https:\/\/madbulldogcompany.com\/wp-content\/uploads\/2023\/06\/NVX_9194-768x768.jpg 768w, https:\/\/madbulldogcompany.com\/wp-content\/uploads\/2023\/06\/NVX_9194-1536x1536.jpg 1536w, https:\/\/madbulldogcompany.com\/wp-content\/uploads\/2023\/06\/NVX_9194-1300x1300.jpg 1300w, https:\/\/madbulldogcompany.com\/wp-content\/uploads\/2023\/06\/NVX_9194.jpg 2048w\" sizes=\"(max-width: 650px) 100vw, 650px\" \/>\t\t\t\t\t<\/a>\n\t\t\t<\/div>\n<\/div>\n<div class=\"qodef-e qodef-image-wrapper qodef-grid-item\">\n\t<div class=\"qodef-e-inner\">\n\t\t\t\t\t<a class=\"qodef-popup-item\" itemprop=\"image\" href=\"https:\/\/madbulldogcompany.com\/wp-content\/uploads\/2023\/11\/NVX_0856.jpg\" data-type=\"image\" data-fslightbox=\"gallery-131\">\n\t\t\t\t\t<img loading=\"lazy\" decoding=\"async\" width=\"650\" height=\"650\" src=\"https:\/\/madbulldogcompany.com\/wp-content\/uploads\/2023\/11\/NVX_0856-650x650.jpg\" class=\"attachment-qi_addons_for_elementor_image_size_square size-qi_addons_for_elementor_image_size_square\" alt=\"\" srcset=\"https:\/\/madbulldogcompany.com\/wp-content\/uploads\/2023\/11\/NVX_0856-650x650.jpg 650w, https:\/\/madbulldogcompany.com\/wp-content\/uploads\/2023\/11\/NVX_0856-150x150.jpg 150w, https:\/\/madbulldogcompany.com\/wp-content\/uploads\/2023\/11\/NVX_0856-1300x1300.jpg 1300w\" sizes=\"(max-width: 650px) 100vw, 650px\" \/>\t\t\t\t\t<\/a>\n\t\t\t<\/div>\n<\/div>\n<div class=\"qodef-e qodef-image-wrapper qodef-grid-item\">\n\t<div class=\"qodef-e-inner\">\n\t\t\t\t\t<a class=\"qodef-popup-item\" itemprop=\"image\" href=\"https:\/\/madbulldogcompany.com\/wp-content\/uploads\/2023\/11\/NVX_5668-Enhanced-NR.jpg\" data-type=\"image\" data-fslightbox=\"gallery-131\">\n\t\t\t\t\t<img loading=\"lazy\" decoding=\"async\" width=\"650\" height=\"650\" src=\"https:\/\/madbulldogcompany.com\/wp-content\/uploads\/2023\/11\/NVX_5668-Enhanced-NR-650x650.jpg\" class=\"attachment-qi_addons_for_elementor_image_size_square size-qi_addons_for_elementor_image_size_square\" alt=\"\" srcset=\"https:\/\/madbulldogcompany.com\/wp-content\/uploads\/2023\/11\/NVX_5668-Enhanced-NR-650x650.jpg 650w, https:\/\/madbulldogcompany.com\/wp-content\/uploads\/2023\/11\/NVX_5668-Enhanced-NR-300x300.jpg 300w, https:\/\/madbulldogcompany.com\/wp-content\/uploads\/2023\/11\/NVX_5668-Enhanced-NR-1024x1024.jpg 1024w, https:\/\/madbulldogcompany.com\/wp-content\/uploads\/2023\/11\/NVX_5668-Enhanced-NR-150x150.jpg 150w, https:\/\/madbulldogcompany.com\/wp-content\/uploads\/2023\/11\/NVX_5668-Enhanced-NR-768x768.jpg 768w, https:\/\/madbulldogcompany.com\/wp-content\/uploads\/2023\/11\/NVX_5668-Enhanced-NR-1536x1536.jpg 1536w, https:\/\/madbulldogcompany.com\/wp-content\/uploads\/2023\/11\/NVX_5668-Enhanced-NR-1300x1300.jpg 1300w, https:\/\/madbulldogcompany.com\/wp-content\/uploads\/2023\/11\/NVX_5668-Enhanced-NR.jpg 2048w\" sizes=\"(max-width: 650px) 100vw, 650px\" \/>\t\t\t\t\t<\/a>\n\t\t\t<\/div>\n<\/div>\n<div class=\"qodef-e qodef-image-wrapper qodef-grid-item\">\n\t<div class=\"qodef-e-inner\">\n\t\t\t\t\t<a class=\"qodef-popup-item\" itemprop=\"image\" href=\"https:\/\/madbulldogcompany.com\/wp-content\/uploads\/2023\/06\/NVX_1848.jpg\" data-type=\"image\" data-fslightbox=\"gallery-131\">\n\t\t\t\t\t<img loading=\"lazy\" decoding=\"async\" width=\"650\" height=\"650\" src=\"https:\/\/madbulldogcompany.com\/wp-content\/uploads\/2023\/06\/NVX_1848-650x650.jpg\" class=\"attachment-qi_addons_for_elementor_image_size_square size-qi_addons_for_elementor_image_size_square\" alt=\"\" srcset=\"https:\/\/madbulldogcompany.com\/wp-content\/uploads\/2023\/06\/NVX_1848-650x650.jpg 650w, https:\/\/madbulldogcompany.com\/wp-content\/uploads\/2023\/06\/NVX_1848-300x300.jpg 300w, https:\/\/madbulldogcompany.com\/wp-content\/uploads\/2023\/06\/NVX_1848-1024x1024.jpg 1024w, https:\/\/madbulldogcompany.com\/wp-content\/uploads\/2023\/06\/NVX_1848-150x150.jpg 150w, https:\/\/madbulldogcompany.com\/wp-content\/uploads\/2023\/06\/NVX_1848-768x768.jpg 768w, https:\/\/madbulldogcompany.com\/wp-content\/uploads\/2023\/06\/NVX_1848-1536x1536.jpg 1536w, https:\/\/madbulldogcompany.com\/wp-content\/uploads\/2023\/06\/NVX_1848-1300x1300.jpg 1300w, https:\/\/madbulldogcompany.com\/wp-content\/uploads\/2023\/06\/NVX_1848.jpg 2048w\" sizes=\"(max-width: 650px) 100vw, 650px\" \/>\t\t\t\t\t<\/a>\n\t\t\t<\/div>\n<\/div>\n\t<\/div>\n<\/div>\n\t\t\t\t<\/div>\n\t\t\t\t<\/div>\n\t\t\t\t\t<\/div>\n\t\t<\/div>\n\t\t\t\t\t<\/div>\n\t\t<\/section>\n\t\t\t\t<\/div>\n\t\t","protected":false},"excerpt":{"rendered":"<p>Previous slide Next slide<\/p>\n","protected":false},"author":1,"featured_media":0,"parent":0,"menu_order":0,"comment_status":"closed","ping_status":"closed","template":"","meta":{"footnotes":""},"class_list":["post-1903","page","type-page","status-publish","hentry"],"yoast_head":"<!-- This site is optimized with the Yoast SEO plugin v27.4 - https:\/\/yoast.com\/product\/yoast-seo-wordpress\/ -->\n<title>PORTRAIT - Mad Bulldog Company<\/title>\n<meta name=\"description\" content=\"Donnez vie \u00e0 vos histoires gr\u00e2ce \u00e0 notre expertise en vid\u00e9o. De la captation de vid\u00e9os \u00e0 la post-production, d\u00e9couvrez comment nous pouvons cr\u00e9er des vid\u00e9os m\u00e9morables pour vous.\" \/>\n<meta name=\"robots\" content=\"index, follow, max-snippet:-1, max-image-preview:large, max-video-preview:-1\" \/>\n<link rel=\"canonical\" href=\"https:\/\/madbulldogcompany.com\/?page_id=1903\" \/>\n<meta property=\"og:locale\" content=\"fr_FR\" \/>\n<meta property=\"og:type\" content=\"article\" \/>\n<meta property=\"og:title\" content=\"PORTRAIT - Mad Bulldog Company\" \/>\n<meta property=\"og:description\" content=\"Donnez vie \u00e0 vos histoires gr\u00e2ce \u00e0 notre expertise en vid\u00e9o. De la captation de vid\u00e9os \u00e0 la post-production, d\u00e9couvrez comment nous pouvons cr\u00e9er des vid\u00e9os m\u00e9morables pour vous.\" \/>\n<meta property=\"og:url\" content=\"https:\/\/madbulldogcompany.com\/?page_id=1903\" \/>\n<meta property=\"og:site_name\" content=\"Mad Bulldog Company\" \/>\n<meta property=\"article:modified_time\" content=\"2023-11-22T11:49:04+00:00\" \/>\n<meta property=\"og:image\" content=\"https:\/\/madbulldogcompany.com\/wp-content\/uploads\/2023\/11\/NVX_4517-650x650.jpg\" \/>\n<meta name=\"twitter:card\" content=\"summary_large_image\" \/>\n<meta name=\"twitter:label1\" content=\"Dur\u00e9e de lecture estim\u00e9e\" \/>\n\t<meta name=\"twitter:data1\" content=\"2 minutes\" \/>\n<script type=\"application\/ld+json\" class=\"yoast-schema-graph\">{\"@context\":\"https:\\\/\\\/schema.org\",\"@graph\":[{\"@type\":\"WebPage\",\"@id\":\"https:\\\/\\\/madbulldogcompany.com\\\/?page_id=1903\",\"url\":\"https:\\\/\\\/madbulldogcompany.com\\\/?page_id=1903\",\"name\":\"PORTRAIT - Mad Bulldog Company\",\"isPartOf\":{\"@id\":\"https:\\\/\\\/madbulldogcompany.com\\\/#website\"},\"primaryImageOfPage\":{\"@id\":\"https:\\\/\\\/madbulldogcompany.com\\\/?page_id=1903#primaryimage\"},\"image\":{\"@id\":\"https:\\\/\\\/madbulldogcompany.com\\\/?page_id=1903#primaryimage\"},\"thumbnailUrl\":\"https:\\\/\\\/madbulldogcompany.com\\\/wp-content\\\/uploads\\\/2023\\\/11\\\/NVX_4517-650x650.jpg\",\"datePublished\":\"2020-04-05T15:18:58+00:00\",\"dateModified\":\"2023-11-22T11:49:04+00:00\",\"description\":\"Donnez vie \u00e0 vos histoires gr\u00e2ce \u00e0 notre expertise en vid\u00e9o. De la captation de vid\u00e9os \u00e0 la post-production, d\u00e9couvrez comment nous pouvons cr\u00e9er des vid\u00e9os m\u00e9morables pour vous.\",\"breadcrumb\":{\"@id\":\"https:\\\/\\\/madbulldogcompany.com\\\/?page_id=1903#breadcrumb\"},\"inLanguage\":\"fr-FR\",\"potentialAction\":[{\"@type\":\"ReadAction\",\"target\":[\"https:\\\/\\\/madbulldogcompany.com\\\/?page_id=1903\"]}]},{\"@type\":\"ImageObject\",\"inLanguage\":\"fr-FR\",\"@id\":\"https:\\\/\\\/madbulldogcompany.com\\\/?page_id=1903#primaryimage\",\"url\":\"https:\\\/\\\/madbulldogcompany.com\\\/wp-content\\\/uploads\\\/2023\\\/11\\\/NVX_4517.jpg\",\"contentUrl\":\"https:\\\/\\\/madbulldogcompany.com\\\/wp-content\\\/uploads\\\/2023\\\/11\\\/NVX_4517.jpg\",\"width\":1365,\"height\":2048},{\"@type\":\"BreadcrumbList\",\"@id\":\"https:\\\/\\\/madbulldogcompany.com\\\/?page_id=1903#breadcrumb\",\"itemListElement\":[{\"@type\":\"ListItem\",\"position\":1,\"name\":\"Accueil\",\"item\":\"https:\\\/\\\/madbulldogcompany.com\\\/\"},{\"@type\":\"ListItem\",\"position\":2,\"name\":\"PORTRAIT\"}]},{\"@type\":\"WebSite\",\"@id\":\"https:\\\/\\\/madbulldogcompany.com\\\/#website\",\"url\":\"https:\\\/\\\/madbulldogcompany.com\\\/\",\"name\":\"Mad Bulldog Company\",\"description\":\"Des vid&eacute;os qui donnent vie &agrave; vos messages\",\"publisher\":{\"@id\":\"https:\\\/\\\/madbulldogcompany.com\\\/#organization\"},\"potentialAction\":[{\"@type\":\"SearchAction\",\"target\":{\"@type\":\"EntryPoint\",\"urlTemplate\":\"https:\\\/\\\/madbulldogcompany.com\\\/?s={search_term_string}\"},\"query-input\":{\"@type\":\"PropertyValueSpecification\",\"valueRequired\":true,\"valueName\":\"search_term_string\"}}],\"inLanguage\":\"fr-FR\"},{\"@type\":\"Organization\",\"@id\":\"https:\\\/\\\/madbulldogcompany.com\\\/#organization\",\"name\":\"Mad Bulldog Company\",\"url\":\"https:\\\/\\\/madbulldogcompany.com\\\/\",\"logo\":{\"@type\":\"ImageObject\",\"inLanguage\":\"fr-FR\",\"@id\":\"https:\\\/\\\/madbulldogcompany.com\\\/#\\\/schema\\\/logo\\\/image\\\/\",\"url\":\"https:\\\/\\\/madbulldogcompany.com\\\/wp-content\\\/uploads\\\/2023\\\/06\\\/cropped-cropped-LOGO_NOIR.png\",\"contentUrl\":\"https:\\\/\\\/madbulldogcompany.com\\\/wp-content\\\/uploads\\\/2023\\\/06\\\/cropped-cropped-LOGO_NOIR.png\",\"width\":512,\"height\":512,\"caption\":\"Mad Bulldog Company\"},\"image\":{\"@id\":\"https:\\\/\\\/madbulldogcompany.com\\\/#\\\/schema\\\/logo\\\/image\\\/\"}}]}<\/script>\n<!-- \/ Yoast SEO plugin. -->","yoast_head_json":{"title":"PORTRAIT - Mad Bulldog Company","description":"Donnez vie \u00e0 vos histoires gr\u00e2ce \u00e0 notre expertise en vid\u00e9o. De la captation de vid\u00e9os \u00e0 la post-production, d\u00e9couvrez comment nous pouvons cr\u00e9er des vid\u00e9os m\u00e9morables pour vous.","robots":{"index":"index","follow":"follow","max-snippet":"max-snippet:-1","max-image-preview":"max-image-preview:large","max-video-preview":"max-video-preview:-1"},"canonical":"https:\/\/madbulldogcompany.com\/?page_id=1903","og_locale":"fr_FR","og_type":"article","og_title":"PORTRAIT - Mad Bulldog Company","og_description":"Donnez vie \u00e0 vos histoires gr\u00e2ce \u00e0 notre expertise en vid\u00e9o. De la captation de vid\u00e9os \u00e0 la post-production, d\u00e9couvrez comment nous pouvons cr\u00e9er des vid\u00e9os m\u00e9morables pour vous.","og_url":"https:\/\/madbulldogcompany.com\/?page_id=1903","og_site_name":"Mad Bulldog Company","article_modified_time":"2023-11-22T11:49:04+00:00","og_image":[{"url":"https:\/\/madbulldogcompany.com\/wp-content\/uploads\/2023\/11\/NVX_4517-650x650.jpg","type":"","width":"","height":""}],"twitter_card":"summary_large_image","twitter_misc":{"Dur\u00e9e de lecture estim\u00e9e":"2 minutes"},"schema":{"@context":"https:\/\/schema.org","@graph":[{"@type":"WebPage","@id":"https:\/\/madbulldogcompany.com\/?page_id=1903","url":"https:\/\/madbulldogcompany.com\/?page_id=1903","name":"PORTRAIT - Mad Bulldog Company","isPartOf":{"@id":"https:\/\/madbulldogcompany.com\/#website"},"primaryImageOfPage":{"@id":"https:\/\/madbulldogcompany.com\/?page_id=1903#primaryimage"},"image":{"@id":"https:\/\/madbulldogcompany.com\/?page_id=1903#primaryimage"},"thumbnailUrl":"https:\/\/madbulldogcompany.com\/wp-content\/uploads\/2023\/11\/NVX_4517-650x650.jpg","datePublished":"2020-04-05T15:18:58+00:00","dateModified":"2023-11-22T11:49:04+00:00","description":"Donnez vie \u00e0 vos histoires gr\u00e2ce \u00e0 notre expertise en vid\u00e9o. De la captation de vid\u00e9os \u00e0 la post-production, d\u00e9couvrez comment nous pouvons cr\u00e9er des vid\u00e9os m\u00e9morables pour vous.","breadcrumb":{"@id":"https:\/\/madbulldogcompany.com\/?page_id=1903#breadcrumb"},"inLanguage":"fr-FR","potentialAction":[{"@type":"ReadAction","target":["https:\/\/madbulldogcompany.com\/?page_id=1903"]}]},{"@type":"ImageObject","inLanguage":"fr-FR","@id":"https:\/\/madbulldogcompany.com\/?page_id=1903#primaryimage","url":"https:\/\/madbulldogcompany.com\/wp-content\/uploads\/2023\/11\/NVX_4517.jpg","contentUrl":"https:\/\/madbulldogcompany.com\/wp-content\/uploads\/2023\/11\/NVX_4517.jpg","width":1365,"height":2048},{"@type":"BreadcrumbList","@id":"https:\/\/madbulldogcompany.com\/?page_id=1903#breadcrumb","itemListElement":[{"@type":"ListItem","position":1,"name":"Accueil","item":"https:\/\/madbulldogcompany.com\/"},{"@type":"ListItem","position":2,"name":"PORTRAIT"}]},{"@type":"WebSite","@id":"https:\/\/madbulldogcompany.com\/#website","url":"https:\/\/madbulldogcompany.com\/","name":"Mad Bulldog Company","description":"Des vid&eacute;os qui donnent vie &agrave; vos messages","publisher":{"@id":"https:\/\/madbulldogcompany.com\/#organization"},"potentialAction":[{"@type":"SearchAction","target":{"@type":"EntryPoint","urlTemplate":"https:\/\/madbulldogcompany.com\/?s={search_term_string}"},"query-input":{"@type":"PropertyValueSpecification","valueRequired":true,"valueName":"search_term_string"}}],"inLanguage":"fr-FR"},{"@type":"Organization","@id":"https:\/\/madbulldogcompany.com\/#organization","name":"Mad Bulldog Company","url":"https:\/\/madbulldogcompany.com\/","logo":{"@type":"ImageObject","inLanguage":"fr-FR","@id":"https:\/\/madbulldogcompany.com\/#\/schema\/logo\/image\/","url":"https:\/\/madbulldogcompany.com\/wp-content\/uploads\/2023\/06\/cropped-cropped-LOGO_NOIR.png","contentUrl":"https:\/\/madbulldogcompany.com\/wp-content\/uploads\/2023\/06\/cropped-cropped-LOGO_NOIR.png","width":512,"height":512,"caption":"Mad Bulldog Company"},"image":{"@id":"https:\/\/madbulldogcompany.com\/#\/schema\/logo\/image\/"}}]}},"_links":{"self":[{"href":"https:\/\/madbulldogcompany.com\/index.php?rest_route=\/wp\/v2\/pages\/1903","targetHints":{"allow":["GET"]}}],"collection":[{"href":"https:\/\/madbulldogcompany.com\/index.php?rest_route=\/wp\/v2\/pages"}],"about":[{"href":"https:\/\/madbulldogcompany.com\/index.php?rest_route=\/wp\/v2\/types\/page"}],"author":[{"embeddable":true,"href":"https:\/\/madbulldogcompany.com\/index.php?rest_route=\/wp\/v2\/users\/1"}],"replies":[{"embeddable":true,"href":"https:\/\/madbulldogcompany.com\/index.php?rest_route=%2Fwp%2Fv2%2Fcomments&post=1903"}],"version-history":[{"count":478,"href":"https:\/\/madbulldogcompany.com\/index.php?rest_route=\/wp\/v2\/pages\/1903\/revisions"}],"predecessor-version":[{"id":6916,"href":"https:\/\/madbulldogcompany.com\/index.php?rest_route=\/wp\/v2\/pages\/1903\/revisions\/6916"}],"wp:attachment":[{"href":"https:\/\/madbulldogcompany.com\/index.php?rest_route=%2Fwp%2Fv2%2Fmedia&parent=1903"}],"curies":[{"name":"wp","href":"https:\/\/api.w.org\/{rel}","templated":true}]}}