{"id":2414,"date":"2020-04-15T10:21:25","date_gmt":"2020-04-15T10:21:25","guid":{"rendered":"https:\/\/pelicula.qodeinteractive.com\/?page_id=2414"},"modified":"2023-11-27T15:29:28","modified_gmt":"2023-11-27T15:29:28","slug":"photos","status":"publish","type":"page","link":"https:\/\/madbulldogcompany.com\/?page_id=2414","title":{"rendered":"PAYSAGE"},"content":{"rendered":"\t\t<div data-elementor-type=\"wp-page\" data-elementor-id=\"2414\" class=\"elementor elementor-2414\" data-elementor-post-type=\"page\">\n\t\t\t\t\t\t<section class=\"elementor-section elementor-top-section elementor-element elementor-element-bf9d6d4 elementor-section-full_width elementor-section-stretched elementor-section-height-default elementor-section-height-default qodef-elementor-content-no\" data-id=\"bf9d6d4\" data-element_type=\"section\" data-e-type=\"section\" data-settings=\"{&quot;stretch_section&quot;:&quot;section-stretched&quot;}\">\n\t\t\t\t\t\t<div class=\"elementor-container elementor-column-gap-no\">\n\t\t\t\t\t<div class=\"elementor-column elementor-col-100 elementor-top-column elementor-element elementor-element-2b41393\" data-id=\"2b41393\" data-element_type=\"column\" data-e-type=\"column\">\n\t\t\t<div class=\"elementor-widget-wrap elementor-element-populated\">\n\t\t\t\t\t\t<div class=\"elementor-element elementor-element-99fbcaf elementor--h-position-center elementor--v-position-middle elementor-arrows-position-inside elementor-pagination-position-inside elementor-widget elementor-widget-slides\" data-id=\"99fbcaf\" data-element_type=\"widget\" data-e-type=\"widget\" data-settings=\"{&quot;navigation&quot;:&quot;both&quot;,&quot;autoplay&quot;:&quot;yes&quot;,&quot;pause_on_hover&quot;:&quot;yes&quot;,&quot;pause_on_interaction&quot;:&quot;yes&quot;,&quot;autoplay_speed&quot;:5000,&quot;infinite&quot;:&quot;yes&quot;,&quot;transition&quot;:&quot;slide&quot;,&quot;transition_speed&quot;:500}\" data-widget_type=\"slides.default\">\n\t\t\t\t<div class=\"elementor-widget-container\">\n\t\t\t\t\t\t\t\t\t<div class=\"elementor-swiper\">\n\t\t\t\t\t<div class=\"elementor-slides-wrapper elementor-main-swiper swiper\" role=\"region\" aria-roledescription=\"carousel\" aria-label=\"Diapositives\" dir=\"ltr\" data-animation=\"fadeInUp\">\n\t\t\t\t<div class=\"swiper-wrapper elementor-slides\">\n\t\t\t\t\t\t\t\t\t\t<div class=\"elementor-repeater-item-06e0ebc swiper-slide\" role=\"group\" aria-roledescription=\"slide\"><div class=\"swiper-slide-bg\" role=\"img\"><\/div><div class=\"swiper-slide-inner\" ><div class=\"swiper-slide-contents\"><\/div><\/div><\/div><div class=\"elementor-repeater-item-837ba84 swiper-slide\" role=\"group\" aria-roledescription=\"slide\"><div class=\"swiper-slide-bg\" role=\"img\"><\/div><div class=\"swiper-slide-inner\" ><div class=\"swiper-slide-contents\"><\/div><\/div><\/div><div class=\"elementor-repeater-item-684dc58 swiper-slide\" role=\"group\" aria-roledescription=\"slide\"><div class=\"swiper-slide-bg\" role=\"img\"><\/div><div class=\"swiper-slide-inner\" ><div class=\"swiper-slide-contents\"><\/div><\/div><\/div>\t\t\t\t<\/div>\n\t\t\t\t\t\t\t\t\t\t\t\t\t\t\t<div class=\"elementor-swiper-button elementor-swiper-button-prev\" role=\"button\" tabindex=\"0\" aria-label=\"Previous slide\">\n\t\t\t\t\t\t\t<i aria-hidden=\"true\" class=\"eicon-chevron-left\"><\/i>\t\t\t\t\t\t<\/div>\n\t\t\t\t\t\t<div class=\"elementor-swiper-button elementor-swiper-button-next\" role=\"button\" tabindex=\"0\" aria-label=\"Next slide\">\n\t\t\t\t\t\t\t<i aria-hidden=\"true\" class=\"eicon-chevron-right\"><\/i>\t\t\t\t\t\t<\/div>\n\t\t\t\t\t\t\t\t\t\t\t\t\t\t\t\t<div class=\"swiper-pagination\"><\/div>\n\t\t\t\t\t\t\t\t\t\t\t\t<\/div>\n\t\t\t\t<\/div>\n\t\t\t\t\t\t\t\t<\/div>\n\t\t\t\t<\/div>\n\t\t\t\t\t<\/div>\n\t\t<\/div>\n\t\t\t\t\t<\/div>\n\t\t<\/section>\n\t\t\t\t<section class=\"elementor-section elementor-top-section elementor-element elementor-element-80986ab elementor-section-full_width elementor-section-stretched elementor-section-height-default elementor-section-height-default qodef-elementor-content-no\" data-id=\"80986ab\" data-element_type=\"section\" data-e-type=\"section\" data-settings=\"{&quot;stretch_section&quot;:&quot;section-stretched&quot;}\">\n\t\t\t\t\t\t<div class=\"elementor-container elementor-column-gap-default\">\n\t\t\t\t\t<div class=\"elementor-column elementor-col-100 elementor-top-column elementor-element elementor-element-e7fcf20\" data-id=\"e7fcf20\" data-element_type=\"column\" data-e-type=\"column\">\n\t\t\t<div class=\"elementor-widget-wrap elementor-element-populated\">\n\t\t\t\t\t\t<div class=\"elementor-element elementor-element-3b01898 elementor-widget elementor-widget-qi_addons_for_elementor_image_gallery\" data-id=\"3b01898\" data-element_type=\"widget\" data-e-type=\"widget\" data-widget_type=\"qi_addons_for_elementor_image_gallery.default\">\n\t\t\t\t<div class=\"elementor-widget-container\">\n\t\t\t\t\t<div class=\"qodef-shortcode qodef-m qodef-qi-image-gallery qodef-qi-fslightbox-popup qodef-popup-gallery qodef-image--hover-zoom qodef-qi-grid qodef-layout--qi-columns qodef-col-num--3 qodef-responsive--predefined\">\n\t<div class=\"qodef-grid-inner\">\n\t\t<div class=\"qodef-e qodef-image-wrapper qodef-grid-item\">\n\t<div class=\"qodef-e-inner\">\n\t\t\t\t\t<a class=\"qodef-popup-item\" itemprop=\"image\" href=\"https:\/\/madbulldogcompany.com\/wp-content\/uploads\/2023\/06\/NVX_9228-Enhanced-NR-scaled-e1698157958123.jpg\" data-type=\"image\" data-fslightbox=\"gallery-345\">\n\t\t\t\t\t<img fetchpriority=\"high\" decoding=\"async\" width=\"650\" height=\"650\" src=\"https:\/\/madbulldogcompany.com\/wp-content\/uploads\/2023\/06\/NVX_9228-Enhanced-NR-scaled-e1698157958123-650x650.jpg\" class=\"attachment-qi_addons_for_elementor_image_size_square size-qi_addons_for_elementor_image_size_square\" alt=\"\" srcset=\"https:\/\/madbulldogcompany.com\/wp-content\/uploads\/2023\/06\/NVX_9228-Enhanced-NR-scaled-e1698157958123-650x650.jpg 650w, https:\/\/madbulldogcompany.com\/wp-content\/uploads\/2023\/06\/NVX_9228-Enhanced-NR-scaled-e1698157958123-150x150.jpg 150w\" sizes=\"(max-width: 650px) 100vw, 650px\" \/>\t\t\t\t\t<\/a>\n\t\t\t<\/div>\n<\/div>\n<div class=\"qodef-e qodef-image-wrapper qodef-grid-item\">\n\t<div class=\"qodef-e-inner\">\n\t\t\t\t\t<a class=\"qodef-popup-item\" itemprop=\"image\" href=\"https:\/\/madbulldogcompany.com\/wp-content\/uploads\/2023\/10\/DJI_0042-scaled.jpg\" data-type=\"image\" data-fslightbox=\"gallery-345\">\n\t\t\t\t\t<img decoding=\"async\" width=\"650\" height=\"650\" src=\"https:\/\/madbulldogcompany.com\/wp-content\/uploads\/2023\/10\/DJI_0042-650x650.jpg\" class=\"attachment-qi_addons_for_elementor_image_size_square size-qi_addons_for_elementor_image_size_square\" alt=\"\" srcset=\"https:\/\/madbulldogcompany.com\/wp-content\/uploads\/2023\/10\/DJI_0042-650x650.jpg 650w, https:\/\/madbulldogcompany.com\/wp-content\/uploads\/2023\/10\/DJI_0042-150x150.jpg 150w, https:\/\/madbulldogcompany.com\/wp-content\/uploads\/2023\/10\/DJI_0042-1300x1300.jpg 1300w\" sizes=\"(max-width: 650px) 100vw, 650px\" \/>\t\t\t\t\t<\/a>\n\t\t\t<\/div>\n<\/div>\n<div class=\"qodef-e qodef-image-wrapper qodef-grid-item\">\n\t<div class=\"qodef-e-inner\">\n\t\t\t\t\t<a class=\"qodef-popup-item\" itemprop=\"image\" href=\"https:\/\/madbulldogcompany.com\/wp-content\/uploads\/2023\/11\/NVX_5702-scaled.jpg\" data-type=\"image\" data-fslightbox=\"gallery-345\">\n\t\t\t\t\t<img decoding=\"async\" width=\"650\" height=\"650\" src=\"https:\/\/madbulldogcompany.com\/wp-content\/uploads\/2023\/11\/NVX_5702-650x650.jpg\" class=\"attachment-qi_addons_for_elementor_image_size_square size-qi_addons_for_elementor_image_size_square\" alt=\"\" srcset=\"https:\/\/madbulldogcompany.com\/wp-content\/uploads\/2023\/11\/NVX_5702-650x650.jpg 650w, https:\/\/madbulldogcompany.com\/wp-content\/uploads\/2023\/11\/NVX_5702-150x150.jpg 150w, https:\/\/madbulldogcompany.com\/wp-content\/uploads\/2023\/11\/NVX_5702-1300x1300.jpg 1300w\" sizes=\"(max-width: 650px) 100vw, 650px\" \/>\t\t\t\t\t<\/a>\n\t\t\t<\/div>\n<\/div>\n<div class=\"qodef-e qodef-image-wrapper qodef-grid-item\">\n\t<div class=\"qodef-e-inner\">\n\t\t\t\t\t<a class=\"qodef-popup-item\" itemprop=\"image\" href=\"https:\/\/madbulldogcompany.com\/wp-content\/uploads\/2023\/10\/pexels-natalie-bond-1201540-scaled.jpg\" data-type=\"image\" data-fslightbox=\"gallery-345\">\n\t\t\t\t\t<img loading=\"lazy\" decoding=\"async\" width=\"650\" height=\"650\" src=\"https:\/\/madbulldogcompany.com\/wp-content\/uploads\/2023\/10\/pexels-natalie-bond-1201540-650x650.jpg\" class=\"attachment-qi_addons_for_elementor_image_size_square size-qi_addons_for_elementor_image_size_square\" alt=\"\" srcset=\"https:\/\/madbulldogcompany.com\/wp-content\/uploads\/2023\/10\/pexels-natalie-bond-1201540-650x650.jpg 650w, https:\/\/madbulldogcompany.com\/wp-content\/uploads\/2023\/10\/pexels-natalie-bond-1201540-150x150.jpg 150w, https:\/\/madbulldogcompany.com\/wp-content\/uploads\/2023\/10\/pexels-natalie-bond-1201540-1300x1300.jpg 1300w\" sizes=\"(max-width: 650px) 100vw, 650px\" \/>\t\t\t\t\t<\/a>\n\t\t\t<\/div>\n<\/div>\n<div class=\"qodef-e qodef-image-wrapper qodef-grid-item\">\n\t<div class=\"qodef-e-inner\">\n\t\t\t\t\t<a class=\"qodef-popup-item\" itemprop=\"image\" href=\"https:\/\/madbulldogcompany.com\/wp-content\/uploads\/2023\/10\/IMG_1619-2-scaled.jpg\" data-type=\"image\" data-fslightbox=\"gallery-345\">\n\t\t\t\t\t<img loading=\"lazy\" decoding=\"async\" width=\"650\" height=\"650\" src=\"https:\/\/madbulldogcompany.com\/wp-content\/uploads\/2023\/10\/IMG_1619-2-650x650.jpg\" class=\"attachment-qi_addons_for_elementor_image_size_square size-qi_addons_for_elementor_image_size_square\" alt=\"\" srcset=\"https:\/\/madbulldogcompany.com\/wp-content\/uploads\/2023\/10\/IMG_1619-2-650x650.jpg 650w, https:\/\/madbulldogcompany.com\/wp-content\/uploads\/2023\/10\/IMG_1619-2-150x150.jpg 150w, https:\/\/madbulldogcompany.com\/wp-content\/uploads\/2023\/10\/IMG_1619-2-1300x1300.jpg 1300w\" sizes=\"(max-width: 650px) 100vw, 650px\" \/>\t\t\t\t\t<\/a>\n\t\t\t<\/div>\n<\/div>\n<div class=\"qodef-e qodef-image-wrapper qodef-grid-item\">\n\t<div class=\"qodef-e-inner\">\n\t\t\t\t\t<a class=\"qodef-popup-item\" itemprop=\"image\" href=\"https:\/\/madbulldogcompany.com\/wp-content\/uploads\/2023\/10\/DSC02715-Enhanced-NR-scaled.jpg\" data-type=\"image\" data-fslightbox=\"gallery-345\">\n\t\t\t\t\t<img loading=\"lazy\" decoding=\"async\" width=\"650\" height=\"650\" src=\"https:\/\/madbulldogcompany.com\/wp-content\/uploads\/2023\/10\/DSC02715-Enhanced-NR-650x650.jpg\" class=\"attachment-qi_addons_for_elementor_image_size_square size-qi_addons_for_elementor_image_size_square\" alt=\"\" srcset=\"https:\/\/madbulldogcompany.com\/wp-content\/uploads\/2023\/10\/DSC02715-Enhanced-NR-650x650.jpg 650w, https:\/\/madbulldogcompany.com\/wp-content\/uploads\/2023\/10\/DSC02715-Enhanced-NR-150x150.jpg 150w, https:\/\/madbulldogcompany.com\/wp-content\/uploads\/2023\/10\/DSC02715-Enhanced-NR-1300x1300.jpg 1300w\" sizes=\"(max-width: 650px) 100vw, 650px\" \/>\t\t\t\t\t<\/a>\n\t\t\t<\/div>\n<\/div>\n<div class=\"qodef-e qodef-image-wrapper qodef-grid-item\">\n\t<div class=\"qodef-e-inner\">\n\t\t\t\t\t<a class=\"qodef-popup-item\" itemprop=\"image\" href=\"https:\/\/madbulldogcompany.com\/wp-content\/uploads\/2023\/11\/DSC4407-scaled.jpg\" data-type=\"image\" data-fslightbox=\"gallery-345\">\n\t\t\t\t\t<img loading=\"lazy\" decoding=\"async\" width=\"650\" height=\"650\" src=\"https:\/\/madbulldogcompany.com\/wp-content\/uploads\/2023\/11\/DSC4407-650x650.jpg\" class=\"attachment-qi_addons_for_elementor_image_size_square size-qi_addons_for_elementor_image_size_square\" alt=\"\" srcset=\"https:\/\/madbulldogcompany.com\/wp-content\/uploads\/2023\/11\/DSC4407-650x650.jpg 650w, https:\/\/madbulldogcompany.com\/wp-content\/uploads\/2023\/11\/DSC4407-150x150.jpg 150w, https:\/\/madbulldogcompany.com\/wp-content\/uploads\/2023\/11\/DSC4407-1300x1300.jpg 1300w\" sizes=\"(max-width: 650px) 100vw, 650px\" \/>\t\t\t\t\t<\/a>\n\t\t\t<\/div>\n<\/div>\n<div class=\"qodef-e qodef-image-wrapper qodef-grid-item\">\n\t<div class=\"qodef-e-inner\">\n\t\t\t\t\t<a class=\"qodef-popup-item\" itemprop=\"image\" href=\"https:\/\/madbulldogcompany.com\/wp-content\/uploads\/2023\/10\/DJI_0472-V2-scaled.jpg\" data-type=\"image\" data-fslightbox=\"gallery-345\">\n\t\t\t\t\t<img loading=\"lazy\" decoding=\"async\" width=\"650\" height=\"650\" src=\"https:\/\/madbulldogcompany.com\/wp-content\/uploads\/2023\/10\/DJI_0472-V2-650x650.jpg\" class=\"attachment-qi_addons_for_elementor_image_size_square size-qi_addons_for_elementor_image_size_square\" alt=\"\" srcset=\"https:\/\/madbulldogcompany.com\/wp-content\/uploads\/2023\/10\/DJI_0472-V2-650x650.jpg 650w, https:\/\/madbulldogcompany.com\/wp-content\/uploads\/2023\/10\/DJI_0472-V2-150x150.jpg 150w, https:\/\/madbulldogcompany.com\/wp-content\/uploads\/2023\/10\/DJI_0472-V2-1300x1300.jpg 1300w\" sizes=\"(max-width: 650px) 100vw, 650px\" \/>\t\t\t\t\t<\/a>\n\t\t\t<\/div>\n<\/div>\n<div class=\"qodef-e qodef-image-wrapper qodef-grid-item\">\n\t<div class=\"qodef-e-inner\">\n\t\t\t\t\t<a class=\"qodef-popup-item\" itemprop=\"image\" href=\"https:\/\/madbulldogcompany.com\/wp-content\/uploads\/2023\/10\/pexels-matteo-badini-4064432-scaled.jpg\" data-type=\"image\" data-fslightbox=\"gallery-345\">\n\t\t\t\t\t<img loading=\"lazy\" decoding=\"async\" width=\"650\" height=\"650\" src=\"https:\/\/madbulldogcompany.com\/wp-content\/uploads\/2023\/10\/pexels-matteo-badini-4064432-650x650.jpg\" class=\"attachment-qi_addons_for_elementor_image_size_square size-qi_addons_for_elementor_image_size_square\" alt=\"\" srcset=\"https:\/\/madbulldogcompany.com\/wp-content\/uploads\/2023\/10\/pexels-matteo-badini-4064432-650x650.jpg 650w, https:\/\/madbulldogcompany.com\/wp-content\/uploads\/2023\/10\/pexels-matteo-badini-4064432-150x150.jpg 150w, https:\/\/madbulldogcompany.com\/wp-content\/uploads\/2023\/10\/pexels-matteo-badini-4064432-1300x1300.jpg 1300w\" sizes=\"(max-width: 650px) 100vw, 650px\" \/>\t\t\t\t\t<\/a>\n\t\t\t<\/div>\n<\/div>\n\t<\/div>\n<\/div>\n\t\t\t\t<\/div>\n\t\t\t\t<\/div>\n\t\t\t\t\t<\/div>\n\t\t<\/div>\n\t\t\t\t\t<\/div>\n\t\t<\/section>\n\t\t\t\t<section class=\"elementor-section elementor-top-section elementor-element elementor-element-a0208cf elementor-section-full_width elementor-section-stretched elementor-section-height-default elementor-section-height-default qodef-elementor-content-no\" data-id=\"a0208cf\" data-element_type=\"section\" data-e-type=\"section\" data-settings=\"{&quot;stretch_section&quot;:&quot;section-stretched&quot;}\">\n\t\t\t\t\t\t<div class=\"elementor-container elementor-column-gap-no\">\n\t\t\t\t\t<div class=\"elementor-column elementor-col-100 elementor-top-column elementor-element elementor-element-f0ea350\" data-id=\"f0ea350\" data-element_type=\"column\" data-e-type=\"column\">\n\t\t\t<div class=\"elementor-widget-wrap\">\n\t\t\t\t\t\t\t<\/div>\n\t\t<\/div>\n\t\t\t\t\t<\/div>\n\t\t<\/section>\n\t\t\t\t<\/div>\n\t\t","protected":false},"excerpt":{"rendered":"<p>Previous slide Next slide<\/p>\n","protected":false},"author":1,"featured_media":0,"parent":0,"menu_order":0,"comment_status":"closed","ping_status":"closed","template":"","meta":{"footnotes":""},"class_list":["post-2414","page","type-page","status-publish","hentry"],"yoast_head":"<!-- This site is optimized with the Yoast SEO plugin v27.4 - https:\/\/yoast.com\/product\/yoast-seo-wordpress\/ -->\n<title>PAYSAGE - Mad Bulldog Company<\/title>\n<meta name=\"description\" content=\"Capturez des moments pr\u00e9cieux avec notre service de photographie professionnel. Des portraits intimes aux \u00e9v\u00e9nements sp\u00e9ciaux, laissez nous transformer vos moments en souvenirs inoubliables.\" \/>\n<meta name=\"robots\" content=\"index, follow, max-snippet:-1, max-image-preview:large, max-video-preview:-1\" \/>\n<link rel=\"canonical\" href=\"https:\/\/madbulldogcompany.com\/?page_id=2414\" \/>\n<meta property=\"og:locale\" content=\"fr_FR\" \/>\n<meta property=\"og:type\" content=\"article\" \/>\n<meta property=\"og:title\" content=\"PAYSAGE - Mad Bulldog Company\" \/>\n<meta property=\"og:description\" content=\"Capturez des moments pr\u00e9cieux avec notre service de photographie professionnel. Des portraits intimes aux \u00e9v\u00e9nements sp\u00e9ciaux, laissez nous transformer vos moments en souvenirs inoubliables.\" \/>\n<meta property=\"og:url\" content=\"https:\/\/madbulldogcompany.com\/?page_id=2414\" \/>\n<meta property=\"og:site_name\" content=\"Mad Bulldog Company\" \/>\n<meta property=\"article:modified_time\" content=\"2023-11-27T15:29:28+00:00\" \/>\n<meta property=\"og:image\" content=\"https:\/\/madbulldogcompany.com\/wp-content\/uploads\/2023\/06\/NVX_9228-Enhanced-NR-scaled-e1698157958123-650x650.jpg\" \/>\n<meta name=\"twitter:card\" content=\"summary_large_image\" \/>\n<meta name=\"twitter:label1\" content=\"Dur\u00e9e de lecture estim\u00e9e\" \/>\n\t<meta name=\"twitter:data1\" content=\"2 minutes\" \/>\n<script type=\"application\/ld+json\" class=\"yoast-schema-graph\">{\"@context\":\"https:\\\/\\\/schema.org\",\"@graph\":[{\"@type\":\"WebPage\",\"@id\":\"https:\\\/\\\/madbulldogcompany.com\\\/?page_id=2414\",\"url\":\"https:\\\/\\\/madbulldogcompany.com\\\/?page_id=2414\",\"name\":\"PAYSAGE - Mad Bulldog Company\",\"isPartOf\":{\"@id\":\"https:\\\/\\\/madbulldogcompany.com\\\/#website\"},\"primaryImageOfPage\":{\"@id\":\"https:\\\/\\\/madbulldogcompany.com\\\/?page_id=2414#primaryimage\"},\"image\":{\"@id\":\"https:\\\/\\\/madbulldogcompany.com\\\/?page_id=2414#primaryimage\"},\"thumbnailUrl\":\"https:\\\/\\\/madbulldogcompany.com\\\/wp-content\\\/uploads\\\/2023\\\/06\\\/NVX_9228-Enhanced-NR-scaled-e1698157958123-650x650.jpg\",\"datePublished\":\"2020-04-15T10:21:25+00:00\",\"dateModified\":\"2023-11-27T15:29:28+00:00\",\"description\":\"Capturez des moments pr\u00e9cieux avec notre service de photographie professionnel. Des portraits intimes aux \u00e9v\u00e9nements sp\u00e9ciaux, laissez nous transformer vos moments en souvenirs inoubliables.\",\"breadcrumb\":{\"@id\":\"https:\\\/\\\/madbulldogcompany.com\\\/?page_id=2414#breadcrumb\"},\"inLanguage\":\"fr-FR\",\"potentialAction\":[{\"@type\":\"ReadAction\",\"target\":[\"https:\\\/\\\/madbulldogcompany.com\\\/?page_id=2414\"]}]},{\"@type\":\"ImageObject\",\"inLanguage\":\"fr-FR\",\"@id\":\"https:\\\/\\\/madbulldogcompany.com\\\/?page_id=2414#primaryimage\",\"url\":\"https:\\\/\\\/madbulldogcompany.com\\\/wp-content\\\/uploads\\\/2023\\\/06\\\/NVX_9228-Enhanced-NR-scaled-e1698157958123.jpg\",\"contentUrl\":\"https:\\\/\\\/madbulldogcompany.com\\\/wp-content\\\/uploads\\\/2023\\\/06\\\/NVX_9228-Enhanced-NR-scaled-e1698157958123.jpg\",\"width\":1962,\"height\":1006},{\"@type\":\"BreadcrumbList\",\"@id\":\"https:\\\/\\\/madbulldogcompany.com\\\/?page_id=2414#breadcrumb\",\"itemListElement\":[{\"@type\":\"ListItem\",\"position\":1,\"name\":\"Accueil\",\"item\":\"https:\\\/\\\/madbulldogcompany.com\\\/\"},{\"@type\":\"ListItem\",\"position\":2,\"name\":\"PAYSAGE\"}]},{\"@type\":\"WebSite\",\"@id\":\"https:\\\/\\\/madbulldogcompany.com\\\/#website\",\"url\":\"https:\\\/\\\/madbulldogcompany.com\\\/\",\"name\":\"Mad Bulldog Company\",\"description\":\"Des vid&eacute;os qui donnent vie &agrave; vos messages\",\"publisher\":{\"@id\":\"https:\\\/\\\/madbulldogcompany.com\\\/#organization\"},\"potentialAction\":[{\"@type\":\"SearchAction\",\"target\":{\"@type\":\"EntryPoint\",\"urlTemplate\":\"https:\\\/\\\/madbulldogcompany.com\\\/?s={search_term_string}\"},\"query-input\":{\"@type\":\"PropertyValueSpecification\",\"valueRequired\":true,\"valueName\":\"search_term_string\"}}],\"inLanguage\":\"fr-FR\"},{\"@type\":\"Organization\",\"@id\":\"https:\\\/\\\/madbulldogcompany.com\\\/#organization\",\"name\":\"Mad Bulldog Company\",\"url\":\"https:\\\/\\\/madbulldogcompany.com\\\/\",\"logo\":{\"@type\":\"ImageObject\",\"inLanguage\":\"fr-FR\",\"@id\":\"https:\\\/\\\/madbulldogcompany.com\\\/#\\\/schema\\\/logo\\\/image\\\/\",\"url\":\"https:\\\/\\\/madbulldogcompany.com\\\/wp-content\\\/uploads\\\/2023\\\/06\\\/cropped-cropped-LOGO_NOIR.png\",\"contentUrl\":\"https:\\\/\\\/madbulldogcompany.com\\\/wp-content\\\/uploads\\\/2023\\\/06\\\/cropped-cropped-LOGO_NOIR.png\",\"width\":512,\"height\":512,\"caption\":\"Mad Bulldog Company\"},\"image\":{\"@id\":\"https:\\\/\\\/madbulldogcompany.com\\\/#\\\/schema\\\/logo\\\/image\\\/\"}}]}<\/script>\n<!-- \/ Yoast SEO plugin. -->","yoast_head_json":{"title":"PAYSAGE - Mad Bulldog Company","description":"Capturez des moments pr\u00e9cieux avec notre service de photographie professionnel. Des portraits intimes aux \u00e9v\u00e9nements sp\u00e9ciaux, laissez nous transformer vos moments en souvenirs inoubliables.","robots":{"index":"index","follow":"follow","max-snippet":"max-snippet:-1","max-image-preview":"max-image-preview:large","max-video-preview":"max-video-preview:-1"},"canonical":"https:\/\/madbulldogcompany.com\/?page_id=2414","og_locale":"fr_FR","og_type":"article","og_title":"PAYSAGE - Mad Bulldog Company","og_description":"Capturez des moments pr\u00e9cieux avec notre service de photographie professionnel. Des portraits intimes aux \u00e9v\u00e9nements sp\u00e9ciaux, laissez nous transformer vos moments en souvenirs inoubliables.","og_url":"https:\/\/madbulldogcompany.com\/?page_id=2414","og_site_name":"Mad Bulldog Company","article_modified_time":"2023-11-27T15:29:28+00:00","og_image":[{"url":"https:\/\/madbulldogcompany.com\/wp-content\/uploads\/2023\/06\/NVX_9228-Enhanced-NR-scaled-e1698157958123-650x650.jpg","type":"","width":"","height":""}],"twitter_card":"summary_large_image","twitter_misc":{"Dur\u00e9e de lecture estim\u00e9e":"2 minutes"},"schema":{"@context":"https:\/\/schema.org","@graph":[{"@type":"WebPage","@id":"https:\/\/madbulldogcompany.com\/?page_id=2414","url":"https:\/\/madbulldogcompany.com\/?page_id=2414","name":"PAYSAGE - Mad Bulldog Company","isPartOf":{"@id":"https:\/\/madbulldogcompany.com\/#website"},"primaryImageOfPage":{"@id":"https:\/\/madbulldogcompany.com\/?page_id=2414#primaryimage"},"image":{"@id":"https:\/\/madbulldogcompany.com\/?page_id=2414#primaryimage"},"thumbnailUrl":"https:\/\/madbulldogcompany.com\/wp-content\/uploads\/2023\/06\/NVX_9228-Enhanced-NR-scaled-e1698157958123-650x650.jpg","datePublished":"2020-04-15T10:21:25+00:00","dateModified":"2023-11-27T15:29:28+00:00","description":"Capturez des moments pr\u00e9cieux avec notre service de photographie professionnel. Des portraits intimes aux \u00e9v\u00e9nements sp\u00e9ciaux, laissez nous transformer vos moments en souvenirs inoubliables.","breadcrumb":{"@id":"https:\/\/madbulldogcompany.com\/?page_id=2414#breadcrumb"},"inLanguage":"fr-FR","potentialAction":[{"@type":"ReadAction","target":["https:\/\/madbulldogcompany.com\/?page_id=2414"]}]},{"@type":"ImageObject","inLanguage":"fr-FR","@id":"https:\/\/madbulldogcompany.com\/?page_id=2414#primaryimage","url":"https:\/\/madbulldogcompany.com\/wp-content\/uploads\/2023\/06\/NVX_9228-Enhanced-NR-scaled-e1698157958123.jpg","contentUrl":"https:\/\/madbulldogcompany.com\/wp-content\/uploads\/2023\/06\/NVX_9228-Enhanced-NR-scaled-e1698157958123.jpg","width":1962,"height":1006},{"@type":"BreadcrumbList","@id":"https:\/\/madbulldogcompany.com\/?page_id=2414#breadcrumb","itemListElement":[{"@type":"ListItem","position":1,"name":"Accueil","item":"https:\/\/madbulldogcompany.com\/"},{"@type":"ListItem","position":2,"name":"PAYSAGE"}]},{"@type":"WebSite","@id":"https:\/\/madbulldogcompany.com\/#website","url":"https:\/\/madbulldogcompany.com\/","name":"Mad Bulldog Company","description":"Des vid&eacute;os qui donnent vie &agrave; vos messages","publisher":{"@id":"https:\/\/madbulldogcompany.com\/#organization"},"potentialAction":[{"@type":"SearchAction","target":{"@type":"EntryPoint","urlTemplate":"https:\/\/madbulldogcompany.com\/?s={search_term_string}"},"query-input":{"@type":"PropertyValueSpecification","valueRequired":true,"valueName":"search_term_string"}}],"inLanguage":"fr-FR"},{"@type":"Organization","@id":"https:\/\/madbulldogcompany.com\/#organization","name":"Mad Bulldog Company","url":"https:\/\/madbulldogcompany.com\/","logo":{"@type":"ImageObject","inLanguage":"fr-FR","@id":"https:\/\/madbulldogcompany.com\/#\/schema\/logo\/image\/","url":"https:\/\/madbulldogcompany.com\/wp-content\/uploads\/2023\/06\/cropped-cropped-LOGO_NOIR.png","contentUrl":"https:\/\/madbulldogcompany.com\/wp-content\/uploads\/2023\/06\/cropped-cropped-LOGO_NOIR.png","width":512,"height":512,"caption":"Mad Bulldog Company"},"image":{"@id":"https:\/\/madbulldogcompany.com\/#\/schema\/logo\/image\/"}}]}},"_links":{"self":[{"href":"https:\/\/madbulldogcompany.com\/index.php?rest_route=\/wp\/v2\/pages\/2414","targetHints":{"allow":["GET"]}}],"collection":[{"href":"https:\/\/madbulldogcompany.com\/index.php?rest_route=\/wp\/v2\/pages"}],"about":[{"href":"https:\/\/madbulldogcompany.com\/index.php?rest_route=\/wp\/v2\/types\/page"}],"author":[{"embeddable":true,"href":"https:\/\/madbulldogcompany.com\/index.php?rest_route=\/wp\/v2\/users\/1"}],"replies":[{"embeddable":true,"href":"https:\/\/madbulldogcompany.com\/index.php?rest_route=%2Fwp%2Fv2%2Fcomments&post=2414"}],"version-history":[{"count":313,"href":"https:\/\/madbulldogcompany.com\/index.php?rest_route=\/wp\/v2\/pages\/2414\/revisions"}],"predecessor-version":[{"id":7003,"href":"https:\/\/madbulldogcompany.com\/index.php?rest_route=\/wp\/v2\/pages\/2414\/revisions\/7003"}],"wp:attachment":[{"href":"https:\/\/madbulldogcompany.com\/index.php?rest_route=%2Fwp%2Fv2%2Fmedia&parent=2414"}],"curies":[{"name":"wp","href":"https:\/\/api.w.org\/{rel}","templated":true}]}}